{"id":3,"date":"2024-04-08T18:23:53","date_gmt":"2024-04-08T16:23:53","guid":{"rendered":"https:\/\/astro-yoga.at\/?page_id=3"},"modified":"2026-01-22T12:13:19","modified_gmt":"2026-01-22T11:13:19","slug":"datenschutzerklaerung","status":"publish","type":"page","link":"https:\/\/astro-yoga.at\/?page_id=3","title":{"rendered":"Datenschutzerkl\u00e4rung"},"content":{"rendered":"\t\t<div data-elementor-type=\"wp-page\" data-elementor-id=\"3\" class=\"elementor elementor-3\" data-elementor-post-type=\"page\">\n\t\t\t\t<div class=\"elementor-element elementor-element-1d2caa9a e-flex e-con-boxed wpr-particle-no wpr-jarallax-no wpr-parallax-no wpr-sticky-section-no wpr-equal-height-no e-con e-parent\" data-id=\"1d2caa9a\" data-element_type=\"container\" data-e-type=\"container\">\n\t\t\t\t\t<div class=\"e-con-inner\">\n\t\t\t\t<div class=\"elementor-element elementor-element-20508ac elementor-widget elementor-widget-heading\" data-id=\"20508ac\" data-element_type=\"widget\" data-e-type=\"widget\" data-widget_type=\"heading.default\">\n\t\t\t\t<div class=\"elementor-widget-container\">\n\t\t\t\t\t<h1 class=\"elementor-heading-title elementor-size-default\">Datenschutzerkl\u00e4rung<\/h1>\t\t\t\t<\/div>\n\t\t\t\t<\/div>\n\t\t\t\t<div class=\"elementor-element elementor-element-9b6fdeb elementor-widget elementor-widget-text-editor\" data-id=\"9b6fdeb\" data-element_type=\"widget\" data-e-type=\"widget\" data-widget_type=\"text-editor.default\">\n\t\t\t\t<div class=\"elementor-widget-container\">\n\t\t\t\t\t\t\t\t\t<p><\/p>\n<h2 class=\"wp-block-heading\">\u00a0<\/h2>\n<h3>1. Allgemeines<\/h3>\n<p>Der Schutz Ihrer pers\u00f6nlichen Daten ist uns ein besonderes Anliegen.<br \/>Wir verarbeiten Ihre Daten daher ausschlie\u00dflich auf Grundlage der gesetzlichen Bestimmungen (DSGVO, DSG, TKG 2021).<\/p>\n<p>In dieser Datenschutzerkl\u00e4rung informieren wir Sie \u00fcber die wichtigsten Aspekte der Datenverarbeitung im Rahmen unseres Webauftritts und unserer Vereinst\u00e4tigkeit.<\/p>\n<hr \/>\n<h3>2. Verantwortlicher<\/h3>\n<p><strong>Selfevolution<\/strong><br \/><b>Anton-Proksch Str. 1, 7331 Weppersdorf<\/b><\/p>\n<p><strong>ZVR-Zahl: 1169025947<\/strong><br \/>E-Mail: <strong>office@selfevolution.at<\/strong><br \/>Telefon: +4369910588811<\/p>\n<hr \/>\n<h3>3. Verarbeitung personenbezogener Daten<\/h3>\n<p>Wir verarbeiten personenbezogene Daten unserer Mitglieder, Interessenten und Besucher unserer Website ausschlie\u00dflich zu folgenden Zwecken:<\/p>\n<ul>\n<li>\n<p>Verwaltung der Vereinst\u00e4tigkeit<\/p>\n<\/li>\n<li>\n<p>Organisation und Durchf\u00fchrung von Vereinsveranstaltungen<\/p>\n<\/li>\n<li>\n<p>\u00d6ffentlichkeitsarbeit und Bewerbung des Vereins<\/p>\n<\/li>\n<li>\n<p>Kommunikation mit Mitgliedern und Interessierten<\/p>\n<\/li>\n<\/ul>\n<p>Die Verarbeitung erfolgt auf Grundlage von<\/p>\n<ul>\n<li>\n<p><strong>Art. 6 Abs. 1 lit. b DSGVO<\/strong> (Vertrag \/ Mitgliedschaft)<\/p>\n<\/li>\n<li>\n<p><strong>Art. 6 Abs. 1 lit. f DSGVO<\/strong> (berechtigtes Interesse)<\/p>\n<\/li>\n<li>\n<p><strong>Art. 6 Abs. 1 lit. a DSGVO<\/strong> (Einwilligung, sofern erforderlich)<\/p>\n<\/li>\n<\/ul>\n<hr \/>\n<h3>4. Bild- und Videoaufnahmen bei Vereinsveranstaltungen<\/h3>\n<p>Im Rahmen unserer Vereinsveranstaltungen werden <strong>Foto- und Videoaufnahmen<\/strong> angefertigt.<\/p>\n<p>Diese Aufnahmen k\u00f6nnen zur <strong>Dokumentation sowie zur \u00d6ffentlichkeitsarbeit und Bewerbung des Vereins<\/strong> verwendet werden, insbesondere durch Ver\u00f6ffentlichung auf:<\/p>\n<ul>\n<li>\n<p>unserer Website<\/p>\n<\/li>\n<li>\n<p>Social-Media-Kan\u00e4len des Vereins<\/p>\n<\/li>\n<li>\n<p>Drucksorten (z. B. Flyer, Plakate)<\/p>\n<\/li>\n<li>\n<p>Presseberichten<\/p>\n<\/li>\n<\/ul>\n<p><strong>Rechtsgrundlage<\/strong> der Verarbeitung ist:<\/p>\n<ul>\n<li>\n<p><strong>Art. 6 Abs. 1 lit. f DSGVO<\/strong> (berechtigtes Interesse an \u00d6ffentlichkeitsarbeit)<\/p>\n<\/li>\n<li>\n<p>sowie <strong>\u00a7 78 UrhG (Recht am eigenen Bild)<\/strong><\/p>\n<\/li>\n<\/ul>\n<p>Unser berechtigtes Interesse besteht in der Darstellung unserer Vereinsaktivit\u00e4ten und der F\u00f6rderung des Vereinszwecks.<\/p>\n<p>Personen, die nicht fotografiert oder gefilmt werden m\u00f6chten, k\u00f6nnen dies den Verantwortlichen vor Ort jederzeit mitteilen. Auf berechtigte Interessen der abgebildeten Personen wird selbstverst\u00e4ndlich R\u00fccksicht genommen.<\/p>\n<hr \/>\n<h3>5. Kontaktaufnahme<\/h3>\n<p>Wenn Sie per E-Mail oder telefonisch Kontakt mit uns aufnehmen, werden Ihre angegebenen Daten zur Bearbeitung der Anfrage und f\u00fcr den Fall von Anschlussfragen gespeichert.<\/p>\n<p>Diese Daten geben wir nicht ohne Ihre Einwilligung weiter.<\/p>\n<hr \/>\n<h3>6. Cookies und Webhosting<\/h3>\n<p>Unsere Website wird bei <strong>Hosteurope.de<\/strong>\u00a0gehostet.<br \/>Im Zuge des Hostings werden Zugriffsdaten (IP-Adresse, Zeitpunkt, Browsertyp) verarbeitet, um den sicheren Betrieb der Website zu gew\u00e4hrleisten.<\/p>\n<p>Cookies werden nur im technisch notwendigen Umfang eingesetzt.<\/p>\n<hr \/>\n<h3>7. Datenweitergabe<\/h3>\n<p>Eine Weitergabe personenbezogener Daten an Dritte erfolgt <strong>nicht<\/strong>, sofern dies nicht zur Erf\u00fcllung unserer Vereinst\u00e4tigkeit erforderlich ist oder eine gesetzliche Verpflichtung besteht.<\/p>\n<hr \/>\n<h3>8. Speicherdauer<\/h3>\n<p>Personenbezogene Daten werden nur so lange gespeichert, wie dies f\u00fcr die jeweiligen Zwecke erforderlich ist bzw. wie es gesetzliche Aufbewahrungspflichten vorsehen.<\/p>\n<hr \/>\n<h3>9. Ihre Rechte<\/h3>\n<p>Ihnen stehen grunds\u00e4tzlich folgende Rechte zu:<\/p>\n<ul>\n<li>\n<p>Recht auf Auskunft (Art. 15 DSGVO)<\/p>\n<\/li>\n<li>\n<p>Recht auf Berichtigung (Art. 16 DSGVO)<\/p>\n<\/li>\n<li>\n<p>Recht auf L\u00f6schung (Art. 17 DSGVO)<\/p>\n<\/li>\n<li>\n<p>Recht auf Einschr\u00e4nkung (Art. 18 DSGVO)<\/p>\n<\/li>\n<li>\n<p>Recht auf Daten\u00fcbertragbarkeit (Art. 20 DSGVO)<\/p>\n<\/li>\n<li>\n<p>Recht auf Widerspruch (Art. 21 DSGVO)<\/p>\n<\/li>\n<\/ul>\n<p>Wenn Sie glauben, dass die Verarbeitung Ihrer Daten gegen das Datenschutzrecht verst\u00f6\u00dft, k\u00f6nnen Sie sich bei uns oder bei der <strong>\u00f6sterreichischen Datenschutzbeh\u00f6rde<\/strong> beschweren.<\/p>\n<hr \/>\n<h3>10. Kontakt Datenschutzbeh\u00f6rde<\/h3>\n<p>\u00d6sterreichische Datenschutzbeh\u00f6rde<br \/>Barichgasse 40\u201342<br \/>1030 Wien<br \/><a href=\"http:\/\/www.dsb.gv.at\/\">www.dsb.gv.at<\/a><\/p>\n<hr \/>\n<h3>11. \u00c4nderungen dieser Datenschutzerkl\u00e4rung<\/h3>\n<p>Wir behalten uns vor, diese Datenschutzerkl\u00e4rung bei Bedarf anzupassen, um sie an ge\u00e4nderte Rechtslagen oder neue Angebote anzupassen.<\/p>\n<hr \/>\n<p>\u00a0<\/p>\t\t\t\t\t\t\t\t<\/div>\n\t\t\t\t<\/div>\n\t\t\t\t\t<\/div>\n\t\t\t\t<\/div>\n\t\t\t\t<\/div>\n\t\t","protected":false},"excerpt":{"rendered":"<p>Datenschutzerkl\u00e4rung \u00a0 1. Allgemeines Der Schutz Ihrer pers\u00f6nlichen Daten ist uns ein besonderes Anliegen.Wir verarbeiten Ihre Daten daher ausschlie\u00dflich auf Grundlage der gesetzlichen Bestimmungen (DSGVO, DSG, TKG 2021). In dieser Datenschutzerkl\u00e4rung informieren wir Sie \u00fcber die wichtigsten Aspekte der Datenverarbeitung im Rahmen unseres Webauftritts und unserer Vereinst\u00e4tigkeit. 2. Verantwortlicher SelfevolutionAnton-Proksch Str. 1, 7331 Weppersdorf ZVR-Zahl: 1169025947E-Mail: office@selfevolution.atTelefon: +4369910588811 3. Verarbeitung personenbezogener Daten Wir verarbeiten personenbezogene Daten unserer Mitglieder, Interessenten und Besucher unserer Website ausschlie\u00dflich zu folgenden Zwecken: Verwaltung der Vereinst\u00e4tigkeit Organisation und Durchf\u00fchrung von Vereinsveranstaltungen \u00d6ffentlichkeitsarbeit und Bewerbung des Vereins Kommunikation mit Mitgliedern und Interessierten Die Verarbeitung erfolgt auf Grundlage von Art. 6 Abs. 1 lit. b DSGVO (Vertrag \/ Mitgliedschaft) Art. 6 Abs. 1 lit. f DSGVO (berechtigtes Interesse) Art. 6 Abs. 1 lit. a DSGVO (Einwilligung, sofern erforderlich) 4. Bild- und Videoaufnahmen bei Vereinsveranstaltungen Im Rahmen unserer Vereinsveranstaltungen werden Foto- und Videoaufnahmen angefertigt. Diese Aufnahmen k\u00f6nnen zur Dokumentation sowie zur \u00d6ffentlichkeitsarbeit und Bewerbung des Vereins verwendet werden, insbesondere durch Ver\u00f6ffentlichung auf: unserer Website Social-Media-Kan\u00e4len des Vereins Drucksorten (z. B. Flyer, Plakate) Presseberichten Rechtsgrundlage der Verarbeitung ist: Art. 6 Abs. 1 lit. f DSGVO (berechtigtes Interesse an \u00d6ffentlichkeitsarbeit) sowie \u00a7 78 UrhG (Recht am eigenen Bild) Unser berechtigtes Interesse besteht in der Darstellung unserer Vereinsaktivit\u00e4ten und der F\u00f6rderung des Vereinszwecks. Personen, die nicht fotografiert oder gefilmt werden m\u00f6chten, k\u00f6nnen dies den Verantwortlichen vor Ort jederzeit mitteilen. Auf berechtigte Interessen der abgebildeten Personen wird selbstverst\u00e4ndlich R\u00fccksicht genommen. 5. Kontaktaufnahme Wenn Sie per E-Mail oder telefonisch Kontakt mit uns aufnehmen, werden Ihre angegebenen Daten zur Bearbeitung der Anfrage und f\u00fcr den Fall von Anschlussfragen gespeichert. Diese Daten geben wir nicht ohne Ihre Einwilligung weiter. 6. Cookies und Webhosting Unsere Website wird bei Hosteurope.de\u00a0gehostet.Im Zuge des Hostings werden Zugriffsdaten (IP-Adresse, Zeitpunkt, Browsertyp) verarbeitet, um den sicheren Betrieb der Website zu gew\u00e4hrleisten. Cookies werden nur im technisch notwendigen Umfang eingesetzt. 7. Datenweitergabe Eine Weitergabe personenbezogener Daten an Dritte erfolgt nicht, sofern dies nicht zur Erf\u00fcllung unserer Vereinst\u00e4tigkeit erforderlich ist oder eine gesetzliche Verpflichtung besteht. 8. Speicherdauer Personenbezogene Daten werden nur so lange gespeichert, wie dies f\u00fcr die jeweiligen Zwecke erforderlich ist bzw. wie es gesetzliche Aufbewahrungspflichten vorsehen. 9. Ihre Rechte Ihnen stehen grunds\u00e4tzlich folgende Rechte zu: Recht auf Auskunft (Art. 15 DSGVO) Recht auf Berichtigung (Art. 16 DSGVO) Recht auf L\u00f6schung (Art. 17 DSGVO) Recht auf Einschr\u00e4nkung (Art. 18 DSGVO) Recht auf Daten\u00fcbertragbarkeit (Art. 20 DSGVO) Recht auf Widerspruch (Art. 21 DSGVO) Wenn Sie glauben, dass die Verarbeitung Ihrer Daten gegen das Datenschutzrecht verst\u00f6\u00dft, k\u00f6nnen Sie sich bei uns oder bei der \u00f6sterreichischen Datenschutzbeh\u00f6rde beschweren. 10. Kontakt Datenschutzbeh\u00f6rde \u00d6sterreichische Datenschutzbeh\u00f6rdeBarichgasse 40\u2013421030 Wienwww.dsb.gv.at 11. \u00c4nderungen dieser Datenschutzerkl\u00e4rung Wir behalten uns vor, diese Datenschutzerkl\u00e4rung bei Bedarf anzupassen, um sie an ge\u00e4nderte Rechtslagen oder neue Angebote anzupassen. \u00a0<\/p>\n","protected":false},"author":1,"featured_media":0,"parent":0,"menu_order":0,"comment_status":"closed","ping_status":"open","template":"","meta":{"footnotes":""},"class_list":["post-3","page","type-page","status-publish","hentry"],"_links":{"self":[{"href":"https:\/\/astro-yoga.at\/index.php?rest_route=\/wp\/v2\/pages\/3","targetHints":{"allow":["GET"]}}],"collection":[{"href":"https:\/\/astro-yoga.at\/index.php?rest_route=\/wp\/v2\/pages"}],"about":[{"href":"https:\/\/astro-yoga.at\/index.php?rest_route=\/wp\/v2\/types\/page"}],"author":[{"embeddable":true,"href":"https:\/\/astro-yoga.at\/index.php?rest_route=\/wp\/v2\/users\/1"}],"replies":[{"embeddable":true,"href":"https:\/\/astro-yoga.at\/index.php?rest_route=%2Fwp%2Fv2%2Fcomments&post=3"}],"version-history":[{"count":6,"href":"https:\/\/astro-yoga.at\/index.php?rest_route=\/wp\/v2\/pages\/3\/revisions"}],"predecessor-version":[{"id":1274,"href":"https:\/\/astro-yoga.at\/index.php?rest_route=\/wp\/v2\/pages\/3\/revisions\/1274"}],"wp:attachment":[{"href":"https:\/\/astro-yoga.at\/index.php?rest_route=%2Fwp%2Fv2%2Fmedia&parent=3"}],"curies":[{"name":"wp","href":"https:\/\/api.w.org\/{rel}","templated":true}]}}